{"id":93,"date":"2023-03-16T11:14:31","date_gmt":"2023-03-16T11:14:31","guid":{"rendered":"https:\/\/wordpress.vecurosoft.com\/wellnez\/?page_id=93"},"modified":"2023-09-02T15:30:15","modified_gmt":"2023-09-02T15:30:15","slug":"about","status":"publish","type":"page","link":"https:\/\/www.girnemasajsalonu.com\/en\/about\/","title":{"rendered":"About"},"content":{"rendered":"<div data-elementor-type=\"wp-page\" data-elementor-id=\"93\" class=\"elementor elementor-93\">\n\t\t\t\t\t\t\t\t\t<section class=\"elementor-section elementor-top-section elementor-element elementor-element-7c66d4f elementor-section-full_width elementor-section-stretched elementor-section-height-default elementor-section-height-default\" data-id=\"7c66d4f\" data-element_type=\"section\" data-settings=\"{&quot;stretch_section&quot;:&quot;section-stretched&quot;}\">\n\t\t\t\t\t\t<div class=\"elementor-container elementor-column-gap-no\">\n\t\t\t\t\t<div class=\"elementor-column elementor-col-100 elementor-top-column elementor-element elementor-element-2b82df9\" data-id=\"2b82df9\" data-element_type=\"column\">\n\t\t\t<div class=\"elementor-widget-wrap elementor-element-populated\">\n\t\t\t\t\t\t\t\t<section class=\"elementor-section elementor-inner-section elementor-element elementor-element-41a5b9d elementor-section-boxed elementor-section-height-default elementor-section-height-default\" data-id=\"41a5b9d\" data-element_type=\"section\">\n\t\t\t\t\t\t<div class=\"elementor-container elementor-column-gap-no\">\n\t\t\t\t\t<div class=\"elementor-column elementor-col-100 elementor-inner-column elementor-element elementor-element-a42710e\" data-id=\"a42710e\" data-element_type=\"column\">\n\t\t\t<div class=\"elementor-widget-wrap elementor-element-populated\">\n\t\t\t\t\t\t\t\t<div class=\"elementor-element elementor-element-aa4a2d8 elementor-widget__width-initial elementor-widget elementor-widget-wellnezsectiontitle\" data-id=\"aa4a2d8\" data-element_type=\"widget\" data-widget_type=\"wellnezsectiontitle.default\">\n\t\t\t\t<div class=\"elementor-widget-container\">\n\t\t\t<!-- Section Title --><div class=\"title-area\" ><h2 class=\"sec-title3 title-selector h1\">Girne Massage Saloon <\/h2><\/div><!-- End Section Title -->\t\t<\/div>\n\t\t\t\t<\/div>\n\t\t\t\t\t<\/div>\n\t\t<\/div>\n\t\t\t\t\t\t\t<\/div>\n\t\t<\/section>\n\t\t\t\t<section class=\"elementor-section elementor-inner-section elementor-element elementor-element-0d3503a elementor-section-boxed elementor-section-height-default elementor-section-height-default\" data-id=\"0d3503a\" data-element_type=\"section\">\n\t\t\t\t\t\t<div class=\"elementor-container elementor-column-gap-no\">\n\t\t\t\t\t<div class=\"elementor-column elementor-col-100 elementor-inner-column elementor-element elementor-element-916ec5b\" data-id=\"916ec5b\" data-element_type=\"column\">\n\t\t\t<div class=\"elementor-widget-wrap elementor-element-populated\">\n\t\t\t\t\t\t\t\t<div class=\"elementor-element elementor-element-2686f3a elementor-widget elementor-widget-image-carousel\" data-id=\"2686f3a\" data-element_type=\"widget\" data-settings=\"{&quot;slides_to_show&quot;:&quot;1&quot;,&quot;navigation&quot;:&quot;none&quot;,&quot;effect&quot;:&quot;fade&quot;,&quot;autoplay&quot;:&quot;yes&quot;,&quot;pause_on_hover&quot;:&quot;yes&quot;,&quot;pause_on_interaction&quot;:&quot;yes&quot;,&quot;autoplay_speed&quot;:5000,&quot;infinite&quot;:&quot;yes&quot;,&quot;speed&quot;:500}\" data-widget_type=\"image-carousel.default\">\n\t\t\t\t<div class=\"elementor-widget-container\">\n\t\t\t<style>\/*! elementor - v3.15.0 - 20-08-2023 *\/\n.elementor-widget-image-carousel .swiper,.elementor-widget-image-carousel .swiper-container{position:static}.elementor-widget-image-carousel .swiper-container .swiper-slide figure,.elementor-widget-image-carousel .swiper .swiper-slide figure{line-height:inherit}.elementor-widget-image-carousel .swiper-slide{text-align:center}.elementor-image-carousel-wrapper:not(.swiper-container-initialized):not(.swiper-initialized) .swiper-slide{max-width:calc(100% \/ var(--e-image-carousel-slides-to-show, 3))}<\/style>\t\t<div class=\"elementor-image-carousel-wrapper swiper\" dir=\"ltr\">\n\t\t\t<div class=\"elementor-image-carousel swiper-wrapper swiper-image-stretch\" aria-live=\"off\">\n\t\t\t\t\t\t\t\t<div class=\"swiper-slide\" role=\"group\" aria-roledescription=\"slide\" aria-label=\"1 of 1\"><figure class=\"swiper-slide-inner\"><img decoding=\"async\" class=\"swiper-slide-image\" src=\"https:\/\/www.girnemasajsalonu.com\/wp-content\/uploads\/2023\/09\/WhatsApp-Gorsel-2023-08-24-saat-18.15.4788.jpg\" alt=\"WhatsApp G\u00f6rsel 2023-08-24 saat 18.15.4788\" \/><\/figure><\/div>\t\t\t<\/div>\n\t\t\t\t\t<\/div>\n\t\t\t\t<\/div>\n\t\t\t\t<\/div>\n\t\t\t\t<div class=\"elementor-element elementor-element-5186d82 elementor-widget__width-initial elementor-widget elementor-widget-text-editor\" data-id=\"5186d82\" data-element_type=\"widget\" data-widget_type=\"text-editor.default\">\n\t\t\t\t<div class=\"elementor-widget-container\">\n\t\t\t<style>\/*! elementor - v3.15.0 - 20-08-2023 *\/\n.elementor-widget-text-editor.elementor-drop-cap-view-stacked .elementor-drop-cap{background-color:#69727d;color:#fff}.elementor-widget-text-editor.elementor-drop-cap-view-framed .elementor-drop-cap{color:#69727d;border:3px solid;background-color:transparent}.elementor-widget-text-editor:not(.elementor-drop-cap-view-default) .elementor-drop-cap{margin-top:8px}.elementor-widget-text-editor:not(.elementor-drop-cap-view-default) .elementor-drop-cap-letter{width:1em;height:1em}.elementor-widget-text-editor .elementor-drop-cap{float:left;text-align:center;line-height:1;font-size:50px}.elementor-widget-text-editor .elementor-drop-cap-letter{display:inline-block}<\/style>\t\t\t\t<p><span style=\"font-weight: 400;\">Welcome ! Girne Massage Saloon<\/span><\/p><p><span style=\"font-weight: 400;\">As Girne Massage Saloon, we welcome you in the best way to revitalize your soul and body. While experiencing the beauty and peace of the island, we are waiting for you to relax yourself and leave all your stress behind.<\/span><\/p><p><span style=\"font-weight: 400;\">Adress:Salhane Sk no16, Alsancak 9935<\/span><\/p><p><span style=\"font-weight: 400;\">Phone: 0533 887 21 61<\/span><\/p><p><span style=\"font-weight: 400;\">We, together with our expert masseurs, aim to offer a special experience to our valued customers. In our lounge, you can relax in a modern and comfortable environment and get rid of the tension of daily life. Each of our sessions is designed to help your body return to natural balance and restore mental peace.<\/span><\/p><p><span style=\"font-weight: 400;\">As Girne Massage Parlor, customer satisfaction is our priority. We pay attention to the unique needs and preferences of each of our clients and tailor our massage services accordingly. In addition to relaxation, we offer a suitable massage option for anyone who wants to relieve pain, increase flexibility or increase their energy levels.<\/span><\/p><p><span style=\"font-weight: 400;\">In addition to our massage therapy, we also attach great importance to hygiene and safety. Our salon is regularly cleaned and disinfected in accordance with the highest hygiene standards. The health and safety of our customers and staff comes first.<\/span><\/p><p><span style=\"font-weight: 400;\">As Girne Massage Saloon, we are here to take you away from the busyness of stressful life and to offer a better quality of life. If you want to pamper your body and mind, you can make an appointment by calling or visiting us. We look forward to welcoming you with a relaxing massage session.<\/span><\/p><p><span style=\"font-weight: 400;\">Girne Masaj Saloon \u2013 We Are Here For You!<\/span><\/p>\t\t\t\t\t\t<\/div>\n\t\t\t\t<\/div>\n\t\t\t\t\t<\/div>\n\t\t<\/div>\n\t\t\t\t\t\t\t<\/div>\n\t\t<\/section>\n\t\t\t\t\t<\/div>\n\t\t<\/div>\n\t\t\t\t\t\t\t<\/div>\n\t\t<\/section>\n\t\t\t\t\t\t\t<\/div>","protected":false},"excerpt":{"rendered":"<p>G\u0130RNE MASAJ SALONU Ho\u015f Geldiniz! Girne Masaj Salonu Girne Masaj Salonu olarak, ruhunuzu ve bedeninizi yeniden canland\u0131rmak i\u00e7in sizi en iyi \u015fekilde kar\u015f\u0131l\u0131yoruz. Adan\u0131n g\u00fczelliklerini ve huzurunu ya\u015farken, kendinizi rahatlatmak ve t\u00fcm stresinizi geride b\u0131rakmak i\u00e7in sizleri bekliyoruz. Adres: Salhane Sk no16, Alsancak 9935 Telefon: 0533 887 21 61 Biz, uzman mas\u00f6rlerimizle birlikte, siz de\u011ferli&#8230;<\/p>","protected":false},"author":1,"featured_media":0,"parent":0,"menu_order":0,"comment_status":"closed","ping_status":"closed","template":"template-builder.php","meta":{"footnotes":""},"class_list":["post-93","page","type-page","status-publish","hentry"],"yoast_head":"<!-- This site is optimized with the Yoast SEO plugin v21.7 - https:\/\/yoast.com\/wordpress\/plugins\/seo\/ -->\n<title>Hakk\u0131m\u0131zda - Girne Masaj Salonu<\/title>\n<meta name=\"robots\" content=\"index, follow, max-snippet:-1, max-image-preview:large, max-video-preview:-1\" \/>\n<link rel=\"canonical\" href=\"https:\/\/www.girnemasajsalonu.com\/en\/about\/\" \/>\n<meta property=\"og:locale\" content=\"en_US\" \/>\n<meta property=\"og:type\" content=\"article\" \/>\n<meta property=\"og:title\" content=\"Hakk\u0131m\u0131zda - Girne Masaj Salonu\" \/>\n<meta property=\"og:description\" content=\"G\u0130RNE MASAJ SALONU Ho\u015f Geldiniz! Girne Masaj Salonu Girne Masaj Salonu olarak, ruhunuzu ve bedeninizi yeniden canland\u0131rmak i\u00e7in sizi en iyi \u015fekilde kar\u015f\u0131l\u0131yoruz. Adan\u0131n g\u00fczelliklerini ve huzurunu ya\u015farken, kendinizi rahatlatmak ve t\u00fcm stresinizi geride b\u0131rakmak i\u00e7in sizleri bekliyoruz. Adres: Salhane Sk no16, Alsancak 9935 Telefon: 0533 887 21 61 Biz, uzman mas\u00f6rlerimizle birlikte, siz de\u011ferli...\" \/>\n<meta property=\"og:url\" content=\"https:\/\/www.girnemasajsalonu.com\/en\/about\/\" \/>\n<meta property=\"og:site_name\" content=\"Girne Masaj Salonu\" \/>\n<meta property=\"article:modified_time\" content=\"2023-09-02T15:30:15+00:00\" \/>\n<meta property=\"og:image\" content=\"https:\/\/www.girnemasajsalonu.com\/wp-content\/uploads\/2023\/09\/WhatsApp-Gorsel-2023-08-24-saat-18.15.4788.jpg\" \/>\n<meta name=\"twitter:card\" content=\"summary_large_image\" \/>\n<meta name=\"twitter:label1\" content=\"Est. reading time\" \/>\n\t<meta name=\"twitter:data1\" content=\"1 minute\" \/>\n<script type=\"application\/ld+json\" class=\"yoast-schema-graph\">{\"@context\":\"https:\/\/schema.org\",\"@graph\":[{\"@type\":\"WebPage\",\"@id\":\"https:\/\/www.girnemasajsalonu.com\/about\/\",\"url\":\"https:\/\/www.girnemasajsalonu.com\/about\/\",\"name\":\"Hakk\u0131m\u0131zda - Girne Masaj Salonu\",\"isPartOf\":{\"@id\":\"https:\/\/www.girnemasajsalonu.com\/#website\"},\"datePublished\":\"2023-03-16T11:14:31+00:00\",\"dateModified\":\"2023-09-02T15:30:15+00:00\",\"breadcrumb\":{\"@id\":\"https:\/\/www.girnemasajsalonu.com\/about\/#breadcrumb\"},\"inLanguage\":\"en-US\",\"potentialAction\":[{\"@type\":\"ReadAction\",\"target\":[\"https:\/\/www.girnemasajsalonu.com\/about\/\"]}]},{\"@type\":\"BreadcrumbList\",\"@id\":\"https:\/\/www.girnemasajsalonu.com\/about\/#breadcrumb\",\"itemListElement\":[{\"@type\":\"ListItem\",\"position\":1,\"name\":\"Anasayfa\",\"item\":\"https:\/\/www.girnemasajsalonu.com\/\"},{\"@type\":\"ListItem\",\"position\":2,\"name\":\"Hakk\u0131m\u0131zda\"}]},{\"@type\":\"WebSite\",\"@id\":\"https:\/\/www.girnemasajsalonu.com\/#website\",\"url\":\"https:\/\/www.girnemasajsalonu.com\/\",\"name\":\"Girne Masaj Salonu\",\"description\":\"Girne masaj salonu sizleri bekler\",\"potentialAction\":[{\"@type\":\"SearchAction\",\"target\":{\"@type\":\"EntryPoint\",\"urlTemplate\":\"https:\/\/www.girnemasajsalonu.com\/?s={search_term_string}\"},\"query-input\":\"required name=search_term_string\"}],\"inLanguage\":\"en-US\"}]}<\/script>\n<!-- \/ Yoast SEO plugin. -->","yoast_head_json":{"title":"Hakk\u0131m\u0131zda - Girne Masaj Salonu","robots":{"index":"index","follow":"follow","max-snippet":"max-snippet:-1","max-image-preview":"max-image-preview:large","max-video-preview":"max-video-preview:-1"},"canonical":"https:\/\/www.girnemasajsalonu.com\/en\/about\/","og_locale":"en_US","og_type":"article","og_title":"Hakk\u0131m\u0131zda - Girne Masaj Salonu","og_description":"G\u0130RNE MASAJ SALONU Ho\u015f Geldiniz! Girne Masaj Salonu Girne Masaj Salonu olarak, ruhunuzu ve bedeninizi yeniden canland\u0131rmak i\u00e7in sizi en iyi \u015fekilde kar\u015f\u0131l\u0131yoruz. Adan\u0131n g\u00fczelliklerini ve huzurunu ya\u015farken, kendinizi rahatlatmak ve t\u00fcm stresinizi geride b\u0131rakmak i\u00e7in sizleri bekliyoruz. Adres: Salhane Sk no16, Alsancak 9935 Telefon: 0533 887 21 61 Biz, uzman mas\u00f6rlerimizle birlikte, siz de\u011ferli...","og_url":"https:\/\/www.girnemasajsalonu.com\/en\/about\/","og_site_name":"Girne Masaj Salonu","article_modified_time":"2023-09-02T15:30:15+00:00","og_image":[{"url":"https:\/\/www.girnemasajsalonu.com\/wp-content\/uploads\/2023\/09\/WhatsApp-Gorsel-2023-08-24-saat-18.15.4788.jpg"}],"twitter_card":"summary_large_image","twitter_misc":{"Est. reading time":"1 minute"},"schema":{"@context":"https:\/\/schema.org","@graph":[{"@type":"WebPage","@id":"https:\/\/www.girnemasajsalonu.com\/about\/","url":"https:\/\/www.girnemasajsalonu.com\/about\/","name":"Hakk\u0131m\u0131zda - Girne Masaj Salonu","isPartOf":{"@id":"https:\/\/www.girnemasajsalonu.com\/#website"},"datePublished":"2023-03-16T11:14:31+00:00","dateModified":"2023-09-02T15:30:15+00:00","breadcrumb":{"@id":"https:\/\/www.girnemasajsalonu.com\/about\/#breadcrumb"},"inLanguage":"en-US","potentialAction":[{"@type":"ReadAction","target":["https:\/\/www.girnemasajsalonu.com\/about\/"]}]},{"@type":"BreadcrumbList","@id":"https:\/\/www.girnemasajsalonu.com\/about\/#breadcrumb","itemListElement":[{"@type":"ListItem","position":1,"name":"Anasayfa","item":"https:\/\/www.girnemasajsalonu.com\/"},{"@type":"ListItem","position":2,"name":"Hakk\u0131m\u0131zda"}]},{"@type":"WebSite","@id":"https:\/\/www.girnemasajsalonu.com\/#website","url":"https:\/\/www.girnemasajsalonu.com\/","name":"Girne Masaj Salonu","description":"Girne masaj salonu sizleri bekler","potentialAction":[{"@type":"SearchAction","target":{"@type":"EntryPoint","urlTemplate":"https:\/\/www.girnemasajsalonu.com\/?s={search_term_string}"},"query-input":"required name=search_term_string"}],"inLanguage":"en-US"}]}},"_links":{"self":[{"href":"https:\/\/www.girnemasajsalonu.com\/en\/wp-json\/wp\/v2\/pages\/93","targetHints":{"allow":["GET"]}}],"collection":[{"href":"https:\/\/www.girnemasajsalonu.com\/en\/wp-json\/wp\/v2\/pages"}],"about":[{"href":"https:\/\/www.girnemasajsalonu.com\/en\/wp-json\/wp\/v2\/types\/page"}],"author":[{"embeddable":true,"href":"https:\/\/www.girnemasajsalonu.com\/en\/wp-json\/wp\/v2\/users\/1"}],"replies":[{"embeddable":true,"href":"https:\/\/www.girnemasajsalonu.com\/en\/wp-json\/wp\/v2\/comments?post=93"}],"version-history":[{"count":9,"href":"https:\/\/www.girnemasajsalonu.com\/en\/wp-json\/wp\/v2\/pages\/93\/revisions"}],"predecessor-version":[{"id":4813,"href":"https:\/\/www.girnemasajsalonu.com\/en\/wp-json\/wp\/v2\/pages\/93\/revisions\/4813"}],"wp:attachment":[{"href":"https:\/\/www.girnemasajsalonu.com\/en\/wp-json\/wp\/v2\/media?parent=93"}],"curies":[{"name":"wp","href":"https:\/\/api.w.org\/{rel}","templated":true}]}}